{"id":252,"date":"2025-06-11T10:14:59","date_gmt":"2025-06-11T13:14:59","guid":{"rendered":"https:\/\/peck.claracloud.com.br\/?page_id=252"},"modified":"2025-10-22T19:47:05","modified_gmt":"2025-10-22T22:47:05","slug":"termos-e-condicoes-de-uso","status":"publish","type":"page","link":"https:\/\/peckadv.com.br\/es\/termos-e-condicoes-de-uso\/","title":{"rendered":"Termos e Condi\u00e7\u00f5es de Uso"},"content":{"rendered":"<p class=\"qtranxs-available-languages-message qtranxs-available-languages-message-es\">Disculpa, pero esta entrada est\u00e1 disponible s\u00f3lo en <a href=\"https:\/\/peckadv.com.br\/pb\/wp-json\/wp\/v2\/pages\/252\" class=\"qtranxs-available-language-link qtranxs-available-language-link-pb\" title=\"PT\">PT<\/a> y <a href=\"https:\/\/peckadv.com.br\/en\/wp-json\/wp\/v2\/pages\/252\" class=\"qtranxs-available-language-link qtranxs-available-language-link-en\" title=\"EN\">EN<\/a>.<\/p>","protected":false},"excerpt":{"rendered":"<p>Disculpa, pero esta entrada est\u00e1 disponible s\u00f3lo en PT y EN.<\/p>\n","protected":false},"author":1,"featured_media":0,"parent":0,"menu_order":2,"comment_status":"closed","ping_status":"closed","template":"","meta":{"_acf_changed":false,"footnotes":""},"class_list":["post-252","page","type-page","status-publish","hentry"],"acf":[],"yoast_head":"<!-- This site is optimized with the Yoast SEO plugin v27.3 - https:\/\/yoast.com\/product\/yoast-seo-wordpress\/ -->\n<title>Termos e Condi\u00e7\u00f5es de Uso - Peck Advogados<\/title>\n<meta name=\"robots\" content=\"index, follow, max-snippet:-1, max-image-preview:large, max-video-preview:-1\" \/>\n<link rel=\"canonical\" href=\"https:\/\/peckadv.com.br\/termos-e-condicoes-de-uso\/\" \/>\n<meta property=\"og:locale\" content=\"es_ES\" \/>\n<meta property=\"og:type\" content=\"article\" \/>\n<meta property=\"og:title\" content=\"[:pb]Termos e Condi\u00e7\u00f5es de Uso[:en]Terms and Conditions[:es]Termos e Condi\u00e7\u00f5es de Uso[:] - Peck Advogados\" \/>\n<meta property=\"og:description\" content=\"Disculpa, pero esta entrada est\u00e1 disponible s\u00f3lo en PT y EN.\" \/>\n<meta property=\"og:url\" content=\"https:\/\/peckadv.com.br\/termos-e-condicoes-de-uso\/\" \/>\n<meta property=\"og:site_name\" content=\"Peck Advogados\" \/>\n<meta property=\"article:modified_time\" content=\"2025-10-22T22:47:05+00:00\" \/>\n<meta name=\"twitter:card\" content=\"summary_large_image\" \/>\n<meta name=\"twitter:label1\" content=\"Tiempo de lectura\" \/>\n\t<meta name=\"twitter:data1\" content=\"10 minutos\" \/>\n<script type=\"application\/ld+json\" class=\"yoast-schema-graph\">{\"@context\":\"https:\\\/\\\/schema.org\",\"@graph\":[{\"@type\":\"WebPage\",\"@id\":\"https:\\\/\\\/peckadv.com.br\\\/termos-e-condicoes-de-uso\\\/\",\"url\":\"https:\\\/\\\/peckadv.com.br\\\/termos-e-condicoes-de-uso\\\/\",\"name\":\"[:pb]Termos e Condi\u00e7\u00f5es de Uso[:en]Terms and Conditions[:es]Termos e Condi\u00e7\u00f5es de Uso[:] - Peck Advogados\",\"isPartOf\":{\"@id\":\"https:\\\/\\\/peckadv.com.br\\\/#website\"},\"datePublished\":\"2025-06-11T13:14:59+00:00\",\"dateModified\":\"2025-10-22T22:47:05+00:00\",\"breadcrumb\":{\"@id\":\"https:\\\/\\\/peckadv.com.br\\\/termos-e-condicoes-de-uso\\\/#breadcrumb\"},\"inLanguage\":\"es\",\"potentialAction\":[{\"@type\":\"ReadAction\",\"target\":[\"https:\\\/\\\/peckadv.com.br\\\/termos-e-condicoes-de-uso\\\/\"]}]},{\"@type\":\"BreadcrumbList\",\"@id\":\"https:\\\/\\\/peckadv.com.br\\\/termos-e-condicoes-de-uso\\\/#breadcrumb\",\"itemListElement\":[{\"@type\":\"ListItem\",\"position\":1,\"name\":\"In\u00edcio\",\"item\":\"https:\\\/\\\/peckadv.com.br\\\/\"},{\"@type\":\"ListItem\",\"position\":2,\"name\":\"Termos e Condi\u00e7\u00f5es de Uso\"}]},{\"@type\":\"WebSite\",\"@id\":\"https:\\\/\\\/peckadv.com.br\\\/#website\",\"url\":\"https:\\\/\\\/peckadv.com.br\\\/\",\"name\":\"Peck Advogados\",\"description\":\"\",\"publisher\":{\"@id\":\"https:\\\/\\\/peckadv.com.br\\\/#organization\"},\"potentialAction\":[{\"@type\":\"SearchAction\",\"target\":{\"@type\":\"EntryPoint\",\"urlTemplate\":\"https:\\\/\\\/peckadv.com.br\\\/?s={search_term_string}\"},\"query-input\":{\"@type\":\"PropertyValueSpecification\",\"valueRequired\":true,\"valueName\":\"search_term_string\"}}],\"inLanguage\":\"es\"},{\"@type\":\"Organization\",\"@id\":\"https:\\\/\\\/peckadv.com.br\\\/#organization\",\"name\":\"Peck Advogados\",\"url\":\"https:\\\/\\\/peckadv.com.br\\\/\",\"logo\":{\"@type\":\"ImageObject\",\"inLanguage\":\"es\",\"@id\":\"https:\\\/\\\/peckadv.com.br\\\/#\\\/schema\\\/logo\\\/image\\\/\",\"url\":\"https:\\\/\\\/peckadv.com.br\\\/wp-content\\\/uploads\\\/2025\\\/06\\\/favIcon1.png\",\"contentUrl\":\"https:\\\/\\\/peckadv.com.br\\\/wp-content\\\/uploads\\\/2025\\\/06\\\/favIcon1.png\",\"width\":512,\"height\":512,\"caption\":\"Peck Advogados\"},\"image\":{\"@id\":\"https:\\\/\\\/peckadv.com.br\\\/#\\\/schema\\\/logo\\\/image\\\/\"}}]}<\/script>\n<!-- \/ Yoast SEO plugin. -->","yoast_head_json":{"title":"[:pb]Termos e Condi\u00e7\u00f5es de Uso[:en]Terms and Conditions[:es]Termos e Condi\u00e7\u00f5es de Uso[:] - Peck Advogados","robots":{"index":"index","follow":"follow","max-snippet":"max-snippet:-1","max-image-preview":"max-image-preview:large","max-video-preview":"max-video-preview:-1"},"canonical":"https:\/\/peckadv.com.br\/termos-e-condicoes-de-uso\/","og_locale":"es_ES","og_type":"article","og_title":"[:pb]Termos e Condi\u00e7\u00f5es de Uso[:en]Terms and Conditions[:es]Termos e Condi\u00e7\u00f5es de Uso[:] - Peck Advogados","og_description":"Disculpa, pero esta entrada est\u00e1 disponible s\u00f3lo en PT y EN.","og_url":"https:\/\/peckadv.com.br\/termos-e-condicoes-de-uso\/","og_site_name":"Peck Advogados","article_modified_time":"2025-10-22T22:47:05+00:00","twitter_card":"summary_large_image","twitter_misc":{"Tiempo de lectura":"10 minutos"},"schema":{"@context":"https:\/\/schema.org","@graph":[{"@type":"WebPage","@id":"https:\/\/peckadv.com.br\/termos-e-condicoes-de-uso\/","url":"https:\/\/peckadv.com.br\/termos-e-condicoes-de-uso\/","name":"[:pb]Termos e Condi\u00e7\u00f5es de Uso[:en]Terms and Conditions[:es]Termos e Condi\u00e7\u00f5es de Uso[:] - Peck Advogados","isPartOf":{"@id":"https:\/\/peckadv.com.br\/#website"},"datePublished":"2025-06-11T13:14:59+00:00","dateModified":"2025-10-22T22:47:05+00:00","breadcrumb":{"@id":"https:\/\/peckadv.com.br\/termos-e-condicoes-de-uso\/#breadcrumb"},"inLanguage":"es","potentialAction":[{"@type":"ReadAction","target":["https:\/\/peckadv.com.br\/termos-e-condicoes-de-uso\/"]}]},{"@type":"BreadcrumbList","@id":"https:\/\/peckadv.com.br\/termos-e-condicoes-de-uso\/#breadcrumb","itemListElement":[{"@type":"ListItem","position":1,"name":"In\u00edcio","item":"https:\/\/peckadv.com.br\/"},{"@type":"ListItem","position":2,"name":"Termos e Condi\u00e7\u00f5es de Uso"}]},{"@type":"WebSite","@id":"https:\/\/peckadv.com.br\/#website","url":"https:\/\/peckadv.com.br\/","name":"Peck Advogados","description":"","publisher":{"@id":"https:\/\/peckadv.com.br\/#organization"},"potentialAction":[{"@type":"SearchAction","target":{"@type":"EntryPoint","urlTemplate":"https:\/\/peckadv.com.br\/?s={search_term_string}"},"query-input":{"@type":"PropertyValueSpecification","valueRequired":true,"valueName":"search_term_string"}}],"inLanguage":"es"},{"@type":"Organization","@id":"https:\/\/peckadv.com.br\/#organization","name":"Peck Advogados","url":"https:\/\/peckadv.com.br\/","logo":{"@type":"ImageObject","inLanguage":"es","@id":"https:\/\/peckadv.com.br\/#\/schema\/logo\/image\/","url":"https:\/\/peckadv.com.br\/wp-content\/uploads\/2025\/06\/favIcon1.png","contentUrl":"https:\/\/peckadv.com.br\/wp-content\/uploads\/2025\/06\/favIcon1.png","width":512,"height":512,"caption":"Peck Advogados"},"image":{"@id":"https:\/\/peckadv.com.br\/#\/schema\/logo\/image\/"}}]}},"_links":{"self":[{"href":"https:\/\/peckadv.com.br\/es\/wp-json\/wp\/v2\/pages\/252","targetHints":{"allow":["GET"]}}],"collection":[{"href":"https:\/\/peckadv.com.br\/es\/wp-json\/wp\/v2\/pages"}],"about":[{"href":"https:\/\/peckadv.com.br\/es\/wp-json\/wp\/v2\/types\/page"}],"author":[{"embeddable":true,"href":"https:\/\/peckadv.com.br\/es\/wp-json\/wp\/v2\/users\/1"}],"replies":[{"embeddable":true,"href":"https:\/\/peckadv.com.br\/es\/wp-json\/wp\/v2\/comments?post=252"}],"version-history":[{"count":0,"href":"https:\/\/peckadv.com.br\/es\/wp-json\/wp\/v2\/pages\/252\/revisions"}],"wp:attachment":[{"href":"https:\/\/peckadv.com.br\/es\/wp-json\/wp\/v2\/media?parent=252"}],"curies":[{"name":"wp","href":"https:\/\/api.w.org\/{rel}","templated":true}]}}