{"id":13,"date":"2025-05-30T15:49:30","date_gmt":"2025-05-30T18:49:30","guid":{"rendered":"https:\/\/peck.claracloud.com.br\/?page_id=13"},"modified":"2025-08-27T12:14:12","modified_gmt":"2025-08-27T15:14:12","slug":"sobre","status":"publish","type":"page","link":"https:\/\/peckadv.com.br\/es\/sobre\/","title":{"rendered":"Sobre"},"content":{"rendered":"<p class=\"qtranxs-available-languages-message qtranxs-available-languages-message-es\">Disculpa, pero esta entrada est\u00e1 disponible s\u00f3lo en <a href=\"https:\/\/peckadv.com.br\/pb\/wp-json\/wp\/v2\/pages\/13\" class=\"qtranxs-available-language-link qtranxs-available-language-link-pb\" title=\"PT\">PT<\/a> y <a href=\"https:\/\/peckadv.com.br\/en\/wp-json\/wp\/v2\/pages\/13\" class=\"qtranxs-available-language-link qtranxs-available-language-link-en\" title=\"EN\">EN<\/a>.<\/p>","protected":false},"excerpt":{"rendered":"<p class=\"qtranxs-available-languages-message qtranxs-available-languages-message-es\">Disculpa, pero esta entrada est\u00e1 disponible s\u00f3lo en <a href=\"https:\/\/peckadv.com.br\/pb\/wp-json\/wp\/v2\/pages\/13\" class=\"qtranxs-available-language-link qtranxs-available-language-link-pb\" title=\"PT\">PT<\/a> y <a href=\"https:\/\/peckadv.com.br\/en\/wp-json\/wp\/v2\/pages\/13\" class=\"qtranxs-available-language-link qtranxs-available-language-link-en\" title=\"EN\">EN<\/a>.<\/p>\n","protected":false},"author":1,"featured_media":367,"parent":0,"menu_order":16,"comment_status":"closed","ping_status":"closed","template":"page-sobre.php","meta":{"_acf_changed":false,"footnotes":""},"class_list":["post-13","page","type-page","status-publish","has-post-thumbnail","hentry"],"acf":[],"yoast_head":"<!-- This site is optimized with the Yoast SEO plugin v27.3 - https:\/\/yoast.com\/product\/yoast-seo-wordpress\/ -->\n<title>Sobre - Peck Advogados<\/title>\n<meta name=\"robots\" content=\"index, follow, max-snippet:-1, max-image-preview:large, max-video-preview:-1\" \/>\n<link rel=\"canonical\" href=\"https:\/\/peckadv.com.br\/sobre\/\" \/>\n<meta property=\"og:locale\" content=\"es_ES\" \/>\n<meta property=\"og:type\" content=\"article\" \/>\n<meta property=\"og:title\" content=\"[:pb]Sobre[:en]About us[:es]Sobre[:] - Peck Advogados\" \/>\n<meta property=\"og:description\" content=\"[:pb]Desde ent\u00e3o nos tornamos o escrit\u00f3rio pioneiro e l\u00edder nesta pr\u00e1tica, que ajudamos a consolidar nos setores privado, p\u00fablico e no ambiente acad\u00eamico no Brasil.[:en]Since then, we have become the pioneering and leading firm in this practice, which we have helped to consolidate in the private, public, and academic sectors in Brazil.[:]\" \/>\n<meta property=\"og:url\" content=\"https:\/\/peckadv.com.br\/sobre\/\" \/>\n<meta property=\"og:site_name\" content=\"Peck Advogados\" \/>\n<meta property=\"article:modified_time\" content=\"2025-08-27T15:14:12+00:00\" \/>\n<meta property=\"og:image\" content=\"https:\/\/peckadv.com.br\/wp-content\/uploads\/2025\/06\/Prancheta-\u2013-3.png\" \/>\n\t<meta property=\"og:image:width\" content=\"1920\" \/>\n\t<meta property=\"og:image:height\" content=\"1080\" \/>\n\t<meta property=\"og:image:type\" content=\"image\/png\" \/>\n<meta name=\"twitter:card\" content=\"summary_large_image\" \/>\n<meta name=\"twitter:label1\" content=\"Tiempo de lectura\" \/>\n\t<meta name=\"twitter:data1\" content=\"2 minutos\" \/>\n<script type=\"application\/ld+json\" class=\"yoast-schema-graph\">{\"@context\":\"https:\\\/\\\/schema.org\",\"@graph\":[{\"@type\":\"WebPage\",\"@id\":\"https:\\\/\\\/peckadv.com.br\\\/sobre\\\/\",\"url\":\"https:\\\/\\\/peckadv.com.br\\\/sobre\\\/\",\"name\":\"[:pb]Sobre[:en]About us[:es]Sobre[:] - Peck Advogados\",\"isPartOf\":{\"@id\":\"https:\\\/\\\/peckadv.com.br\\\/#website\"},\"primaryImageOfPage\":{\"@id\":\"https:\\\/\\\/peckadv.com.br\\\/sobre\\\/#primaryimage\"},\"image\":{\"@id\":\"https:\\\/\\\/peckadv.com.br\\\/sobre\\\/#primaryimage\"},\"thumbnailUrl\":\"https:\\\/\\\/peckadv.com.br\\\/wp-content\\\/uploads\\\/2025\\\/06\\\/Prancheta-\u2013-3.png\",\"datePublished\":\"2025-05-30T18:49:30+00:00\",\"dateModified\":\"2025-08-27T15:14:12+00:00\",\"breadcrumb\":{\"@id\":\"https:\\\/\\\/peckadv.com.br\\\/sobre\\\/#breadcrumb\"},\"inLanguage\":\"es\",\"potentialAction\":[{\"@type\":\"ReadAction\",\"target\":[\"https:\\\/\\\/peckadv.com.br\\\/sobre\\\/\"]}]},{\"@type\":\"ImageObject\",\"inLanguage\":\"es\",\"@id\":\"https:\\\/\\\/peckadv.com.br\\\/sobre\\\/#primaryimage\",\"url\":\"https:\\\/\\\/peckadv.com.br\\\/wp-content\\\/uploads\\\/2025\\\/06\\\/Prancheta-\u2013-3.png\",\"contentUrl\":\"https:\\\/\\\/peckadv.com.br\\\/wp-content\\\/uploads\\\/2025\\\/06\\\/Prancheta-\u2013-3.png\",\"width\":1920,\"height\":1080},{\"@type\":\"BreadcrumbList\",\"@id\":\"https:\\\/\\\/peckadv.com.br\\\/sobre\\\/#breadcrumb\",\"itemListElement\":[{\"@type\":\"ListItem\",\"position\":1,\"name\":\"In\u00edcio\",\"item\":\"https:\\\/\\\/peckadv.com.br\\\/\"},{\"@type\":\"ListItem\",\"position\":2,\"name\":\"Sobre\"}]},{\"@type\":\"WebSite\",\"@id\":\"https:\\\/\\\/peckadv.com.br\\\/#website\",\"url\":\"https:\\\/\\\/peckadv.com.br\\\/\",\"name\":\"Peck Advogados\",\"description\":\"\",\"publisher\":{\"@id\":\"https:\\\/\\\/peckadv.com.br\\\/#organization\"},\"potentialAction\":[{\"@type\":\"SearchAction\",\"target\":{\"@type\":\"EntryPoint\",\"urlTemplate\":\"https:\\\/\\\/peckadv.com.br\\\/?s={search_term_string}\"},\"query-input\":{\"@type\":\"PropertyValueSpecification\",\"valueRequired\":true,\"valueName\":\"search_term_string\"}}],\"inLanguage\":\"es\"},{\"@type\":\"Organization\",\"@id\":\"https:\\\/\\\/peckadv.com.br\\\/#organization\",\"name\":\"Peck Advogados\",\"url\":\"https:\\\/\\\/peckadv.com.br\\\/\",\"logo\":{\"@type\":\"ImageObject\",\"inLanguage\":\"es\",\"@id\":\"https:\\\/\\\/peckadv.com.br\\\/#\\\/schema\\\/logo\\\/image\\\/\",\"url\":\"https:\\\/\\\/peckadv.com.br\\\/wp-content\\\/uploads\\\/2025\\\/06\\\/favIcon1.png\",\"contentUrl\":\"https:\\\/\\\/peckadv.com.br\\\/wp-content\\\/uploads\\\/2025\\\/06\\\/favIcon1.png\",\"width\":512,\"height\":512,\"caption\":\"Peck Advogados\"},\"image\":{\"@id\":\"https:\\\/\\\/peckadv.com.br\\\/#\\\/schema\\\/logo\\\/image\\\/\"}}]}<\/script>\n<!-- \/ Yoast SEO plugin. -->","yoast_head_json":{"title":"[:pb]Sobre[:en]About us[:es]Sobre[:] - Peck Advogados","robots":{"index":"index","follow":"follow","max-snippet":"max-snippet:-1","max-image-preview":"max-image-preview:large","max-video-preview":"max-video-preview:-1"},"canonical":"https:\/\/peckadv.com.br\/sobre\/","og_locale":"es_ES","og_type":"article","og_title":"[:pb]Sobre[:en]About us[:es]Sobre[:] - Peck Advogados","og_description":"[:pb]Desde ent\u00e3o nos tornamos o escrit\u00f3rio pioneiro e l\u00edder nesta pr\u00e1tica, que ajudamos a consolidar nos setores privado, p\u00fablico e no ambiente acad\u00eamico no Brasil.[:en]Since then, we have become the pioneering and leading firm in this practice, which we have helped to consolidate in the private, public, and academic sectors in Brazil.[:]","og_url":"https:\/\/peckadv.com.br\/sobre\/","og_site_name":"Peck Advogados","article_modified_time":"2025-08-27T15:14:12+00:00","og_image":[{"width":1920,"height":1080,"url":"https:\/\/peckadv.com.br\/wp-content\/uploads\/2025\/06\/Prancheta-\u2013-3.png","type":"image\/png"}],"twitter_card":"summary_large_image","twitter_misc":{"Tiempo de lectura":"2 minutos"},"schema":{"@context":"https:\/\/schema.org","@graph":[{"@type":"WebPage","@id":"https:\/\/peckadv.com.br\/sobre\/","url":"https:\/\/peckadv.com.br\/sobre\/","name":"[:pb]Sobre[:en]About us[:es]Sobre[:] - Peck Advogados","isPartOf":{"@id":"https:\/\/peckadv.com.br\/#website"},"primaryImageOfPage":{"@id":"https:\/\/peckadv.com.br\/sobre\/#primaryimage"},"image":{"@id":"https:\/\/peckadv.com.br\/sobre\/#primaryimage"},"thumbnailUrl":"https:\/\/peckadv.com.br\/wp-content\/uploads\/2025\/06\/Prancheta-\u2013-3.png","datePublished":"2025-05-30T18:49:30+00:00","dateModified":"2025-08-27T15:14:12+00:00","breadcrumb":{"@id":"https:\/\/peckadv.com.br\/sobre\/#breadcrumb"},"inLanguage":"es","potentialAction":[{"@type":"ReadAction","target":["https:\/\/peckadv.com.br\/sobre\/"]}]},{"@type":"ImageObject","inLanguage":"es","@id":"https:\/\/peckadv.com.br\/sobre\/#primaryimage","url":"https:\/\/peckadv.com.br\/wp-content\/uploads\/2025\/06\/Prancheta-\u2013-3.png","contentUrl":"https:\/\/peckadv.com.br\/wp-content\/uploads\/2025\/06\/Prancheta-\u2013-3.png","width":1920,"height":1080},{"@type":"BreadcrumbList","@id":"https:\/\/peckadv.com.br\/sobre\/#breadcrumb","itemListElement":[{"@type":"ListItem","position":1,"name":"In\u00edcio","item":"https:\/\/peckadv.com.br\/"},{"@type":"ListItem","position":2,"name":"Sobre"}]},{"@type":"WebSite","@id":"https:\/\/peckadv.com.br\/#website","url":"https:\/\/peckadv.com.br\/","name":"Peck Advogados","description":"","publisher":{"@id":"https:\/\/peckadv.com.br\/#organization"},"potentialAction":[{"@type":"SearchAction","target":{"@type":"EntryPoint","urlTemplate":"https:\/\/peckadv.com.br\/?s={search_term_string}"},"query-input":{"@type":"PropertyValueSpecification","valueRequired":true,"valueName":"search_term_string"}}],"inLanguage":"es"},{"@type":"Organization","@id":"https:\/\/peckadv.com.br\/#organization","name":"Peck Advogados","url":"https:\/\/peckadv.com.br\/","logo":{"@type":"ImageObject","inLanguage":"es","@id":"https:\/\/peckadv.com.br\/#\/schema\/logo\/image\/","url":"https:\/\/peckadv.com.br\/wp-content\/uploads\/2025\/06\/favIcon1.png","contentUrl":"https:\/\/peckadv.com.br\/wp-content\/uploads\/2025\/06\/favIcon1.png","width":512,"height":512,"caption":"Peck Advogados"},"image":{"@id":"https:\/\/peckadv.com.br\/#\/schema\/logo\/image\/"}}]}},"_links":{"self":[{"href":"https:\/\/peckadv.com.br\/es\/wp-json\/wp\/v2\/pages\/13","targetHints":{"allow":["GET"]}}],"collection":[{"href":"https:\/\/peckadv.com.br\/es\/wp-json\/wp\/v2\/pages"}],"about":[{"href":"https:\/\/peckadv.com.br\/es\/wp-json\/wp\/v2\/types\/page"}],"author":[{"embeddable":true,"href":"https:\/\/peckadv.com.br\/es\/wp-json\/wp\/v2\/users\/1"}],"replies":[{"embeddable":true,"href":"https:\/\/peckadv.com.br\/es\/wp-json\/wp\/v2\/comments?post=13"}],"version-history":[{"count":1,"href":"https:\/\/peckadv.com.br\/es\/wp-json\/wp\/v2\/pages\/13\/revisions"}],"predecessor-version":[{"id":14,"href":"https:\/\/peckadv.com.br\/es\/wp-json\/wp\/v2\/pages\/13\/revisions\/14"}],"wp:featuredmedia":[{"embeddable":true,"href":"https:\/\/peckadv.com.br\/es\/wp-json\/wp\/v2\/media\/367"}],"wp:attachment":[{"href":"https:\/\/peckadv.com.br\/es\/wp-json\/wp\/v2\/media?parent=13"}],"curies":[{"name":"wp","href":"https:\/\/api.w.org\/{rel}","templated":true}]}}