{"id":15,"date":"2025-05-30T15:49:45","date_gmt":"2025-05-30T18:49:45","guid":{"rendered":"https:\/\/peck.claracloud.com.br\/?page_id=15"},"modified":"2025-08-27T20:05:02","modified_gmt":"2025-08-27T23:05:02","slug":"areas-de-atuacao","status":"publish","type":"page","link":"https:\/\/peckadv.com.br\/en\/areas-de-atuacao\/","title":{"rendered":"Areas"},"content":{"rendered":"<p>At Peck Advogados, we are your <strong>strategic partner in Digital Law<\/strong>, a pioneering firm in Brazil with over two decades of experience. Recognized for our authority, we combine legal expertise with a deep understanding of the digital ecosystem, <strong>enabling digital innovation<\/strong> at the convergence of Law, Business, and Technology.<\/p>","protected":false},"excerpt":{"rendered":"<p>At Peck Advogados, we are your <b>strategic partner in Digital Law<\/b> \u2014 a pioneering law firm in Brazil with over two decades of experience. Recognized for our expertise, we combine legal excellence with a deep understanding of the digital ecosystem, <b>enabling digital innovation<\/b> at the intersection of Law, Business, and Technology.<\/p>\n","protected":false},"author":1,"featured_media":363,"parent":0,"menu_order":9,"comment_status":"closed","ping_status":"closed","template":"page-atuacao.php","meta":{"_acf_changed":false,"footnotes":""},"class_list":["post-15","page","type-page","status-publish","has-post-thumbnail","hentry"],"acf":[],"yoast_head":"<!-- This site is optimized with the Yoast SEO plugin v27.3 - https:\/\/yoast.com\/product\/yoast-seo-wordpress\/ -->\n<title>Areas - Peck Advogados<\/title>\n<meta name=\"robots\" content=\"index, follow, max-snippet:-1, max-image-preview:large, max-video-preview:-1\" \/>\n<link rel=\"canonical\" href=\"https:\/\/peckadv.com.br\/areas-de-atuacao\/\" \/>\n<meta property=\"og:locale\" content=\"en_US\" \/>\n<meta property=\"og:type\" content=\"article\" \/>\n<meta property=\"og:title\" content=\"[:pb]\u00c1reas de Atua\u00e7\u00e3o[:en]Areas[:es]\u00c1reas de Atua\u00e7\u00e3o[:] - Peck Advogados\" \/>\n<meta property=\"og:description\" content=\"[:pb]No Peck Advogados, somos seu parceiro estrat\u00e9gico em Direito Digital, um escrit\u00f3rio pioneiro no Brasil com mais de duas d\u00e9cadas de experi\u00eancia. Reconhecidos pela nossa autoridade, unimos expertise jur\u00eddica \u00e0 compreens\u00e3o profunda do ecossistema digital, assim, n\u00f3s viabilizamos a inova\u00e7\u00e3o digital na converg\u00eancia entre Direito, Neg\u00f3cios e Tecnologia.[:en]At Peck Advogados, we are your strategic partner in Digital Law \u2014 a pioneering law firm in Brazil with over two decades of experience. Recognized for our expertise, we combine legal excellence with a deep understanding of the digital ecosystem, enabling digital innovation at the intersection of Law, Business, and Technology.[:]\" \/>\n<meta property=\"og:url\" content=\"https:\/\/peckadv.com.br\/areas-de-atuacao\/\" \/>\n<meta property=\"og:site_name\" content=\"Peck Advogados\" \/>\n<meta property=\"article:modified_time\" content=\"2025-08-27T23:05:02+00:00\" \/>\n<meta property=\"og:image\" content=\"https:\/\/peckadv.com.br\/wp-content\/uploads\/2025\/06\/Prancheta-\u2013-8.png\" \/>\n\t<meta property=\"og:image:width\" content=\"1920\" \/>\n\t<meta property=\"og:image:height\" content=\"1080\" \/>\n\t<meta property=\"og:image:type\" content=\"image\/png\" \/>\n<meta name=\"twitter:card\" content=\"summary_large_image\" \/>\n<meta name=\"twitter:label1\" content=\"Est. reading time\" \/>\n\t<meta name=\"twitter:data1\" content=\"1 minute\" \/>\n<script type=\"application\/ld+json\" class=\"yoast-schema-graph\">{\"@context\":\"https:\\\/\\\/schema.org\",\"@graph\":[{\"@type\":\"WebPage\",\"@id\":\"https:\\\/\\\/peckadv.com.br\\\/areas-de-atuacao\\\/\",\"url\":\"https:\\\/\\\/peckadv.com.br\\\/areas-de-atuacao\\\/\",\"name\":\"[:pb]\u00c1reas de Atua\u00e7\u00e3o[:en]Areas[:es]\u00c1reas de Atua\u00e7\u00e3o[:] - Peck Advogados\",\"isPartOf\":{\"@id\":\"https:\\\/\\\/peckadv.com.br\\\/#website\"},\"primaryImageOfPage\":{\"@id\":\"https:\\\/\\\/peckadv.com.br\\\/areas-de-atuacao\\\/#primaryimage\"},\"image\":{\"@id\":\"https:\\\/\\\/peckadv.com.br\\\/areas-de-atuacao\\\/#primaryimage\"},\"thumbnailUrl\":\"https:\\\/\\\/peckadv.com.br\\\/wp-content\\\/uploads\\\/2025\\\/06\\\/Prancheta-\u2013-8.png\",\"datePublished\":\"2025-05-30T18:49:45+00:00\",\"dateModified\":\"2025-08-27T23:05:02+00:00\",\"breadcrumb\":{\"@id\":\"https:\\\/\\\/peckadv.com.br\\\/areas-de-atuacao\\\/#breadcrumb\"},\"inLanguage\":\"en-US\",\"potentialAction\":[{\"@type\":\"ReadAction\",\"target\":[\"https:\\\/\\\/peckadv.com.br\\\/areas-de-atuacao\\\/\"]}]},{\"@type\":\"ImageObject\",\"inLanguage\":\"en-US\",\"@id\":\"https:\\\/\\\/peckadv.com.br\\\/areas-de-atuacao\\\/#primaryimage\",\"url\":\"https:\\\/\\\/peckadv.com.br\\\/wp-content\\\/uploads\\\/2025\\\/06\\\/Prancheta-\u2013-8.png\",\"contentUrl\":\"https:\\\/\\\/peckadv.com.br\\\/wp-content\\\/uploads\\\/2025\\\/06\\\/Prancheta-\u2013-8.png\",\"width\":1920,\"height\":1080},{\"@type\":\"BreadcrumbList\",\"@id\":\"https:\\\/\\\/peckadv.com.br\\\/areas-de-atuacao\\\/#breadcrumb\",\"itemListElement\":[{\"@type\":\"ListItem\",\"position\":1,\"name\":\"In\u00edcio\",\"item\":\"https:\\\/\\\/peckadv.com.br\\\/\"},{\"@type\":\"ListItem\",\"position\":2,\"name\":\"\u00c1reas de Atua\u00e7\u00e3o\"}]},{\"@type\":\"WebSite\",\"@id\":\"https:\\\/\\\/peckadv.com.br\\\/#website\",\"url\":\"https:\\\/\\\/peckadv.com.br\\\/\",\"name\":\"Peck Advogados\",\"description\":\"\",\"publisher\":{\"@id\":\"https:\\\/\\\/peckadv.com.br\\\/#organization\"},\"potentialAction\":[{\"@type\":\"SearchAction\",\"target\":{\"@type\":\"EntryPoint\",\"urlTemplate\":\"https:\\\/\\\/peckadv.com.br\\\/?s={search_term_string}\"},\"query-input\":{\"@type\":\"PropertyValueSpecification\",\"valueRequired\":true,\"valueName\":\"search_term_string\"}}],\"inLanguage\":\"en-US\"},{\"@type\":\"Organization\",\"@id\":\"https:\\\/\\\/peckadv.com.br\\\/#organization\",\"name\":\"Peck Advogados\",\"url\":\"https:\\\/\\\/peckadv.com.br\\\/\",\"logo\":{\"@type\":\"ImageObject\",\"inLanguage\":\"en-US\",\"@id\":\"https:\\\/\\\/peckadv.com.br\\\/#\\\/schema\\\/logo\\\/image\\\/\",\"url\":\"https:\\\/\\\/peckadv.com.br\\\/wp-content\\\/uploads\\\/2025\\\/06\\\/favIcon1.png\",\"contentUrl\":\"https:\\\/\\\/peckadv.com.br\\\/wp-content\\\/uploads\\\/2025\\\/06\\\/favIcon1.png\",\"width\":512,\"height\":512,\"caption\":\"Peck Advogados\"},\"image\":{\"@id\":\"https:\\\/\\\/peckadv.com.br\\\/#\\\/schema\\\/logo\\\/image\\\/\"}}]}<\/script>\n<!-- \/ Yoast SEO plugin. -->","yoast_head_json":{"title":"[:pb]\u00c1reas de Atua\u00e7\u00e3o[:en]Areas[:es]\u00c1reas de Atua\u00e7\u00e3o[:] - Peck Advogados","robots":{"index":"index","follow":"follow","max-snippet":"max-snippet:-1","max-image-preview":"max-image-preview:large","max-video-preview":"max-video-preview:-1"},"canonical":"https:\/\/peckadv.com.br\/areas-de-atuacao\/","og_locale":"en_US","og_type":"article","og_title":"[:pb]\u00c1reas de Atua\u00e7\u00e3o[:en]Areas[:es]\u00c1reas de Atua\u00e7\u00e3o[:] - Peck Advogados","og_description":"[:pb]No Peck Advogados, somos seu parceiro estrat\u00e9gico em Direito Digital, um escrit\u00f3rio pioneiro no Brasil com mais de duas d\u00e9cadas de experi\u00eancia. Reconhecidos pela nossa autoridade, unimos expertise jur\u00eddica \u00e0 compreens\u00e3o profunda do ecossistema digital, assim, n\u00f3s viabilizamos a inova\u00e7\u00e3o digital na converg\u00eancia entre Direito, Neg\u00f3cios e Tecnologia.[:en]At Peck Advogados, we are your strategic partner in Digital Law \u2014 a pioneering law firm in Brazil with over two decades of experience. Recognized for our expertise, we combine legal excellence with a deep understanding of the digital ecosystem, enabling digital innovation at the intersection of Law, Business, and Technology.[:]","og_url":"https:\/\/peckadv.com.br\/areas-de-atuacao\/","og_site_name":"Peck Advogados","article_modified_time":"2025-08-27T23:05:02+00:00","og_image":[{"width":1920,"height":1080,"url":"https:\/\/peckadv.com.br\/wp-content\/uploads\/2025\/06\/Prancheta-\u2013-8.png","type":"image\/png"}],"twitter_card":"summary_large_image","twitter_misc":{"Est. reading time":"1 minute"},"schema":{"@context":"https:\/\/schema.org","@graph":[{"@type":"WebPage","@id":"https:\/\/peckadv.com.br\/areas-de-atuacao\/","url":"https:\/\/peckadv.com.br\/areas-de-atuacao\/","name":"[:pb]\u00c1reas de Atua\u00e7\u00e3o[:en]Areas[:es]\u00c1reas de Atua\u00e7\u00e3o[:] - Peck Advogados","isPartOf":{"@id":"https:\/\/peckadv.com.br\/#website"},"primaryImageOfPage":{"@id":"https:\/\/peckadv.com.br\/areas-de-atuacao\/#primaryimage"},"image":{"@id":"https:\/\/peckadv.com.br\/areas-de-atuacao\/#primaryimage"},"thumbnailUrl":"https:\/\/peckadv.com.br\/wp-content\/uploads\/2025\/06\/Prancheta-\u2013-8.png","datePublished":"2025-05-30T18:49:45+00:00","dateModified":"2025-08-27T23:05:02+00:00","breadcrumb":{"@id":"https:\/\/peckadv.com.br\/areas-de-atuacao\/#breadcrumb"},"inLanguage":"en-US","potentialAction":[{"@type":"ReadAction","target":["https:\/\/peckadv.com.br\/areas-de-atuacao\/"]}]},{"@type":"ImageObject","inLanguage":"en-US","@id":"https:\/\/peckadv.com.br\/areas-de-atuacao\/#primaryimage","url":"https:\/\/peckadv.com.br\/wp-content\/uploads\/2025\/06\/Prancheta-\u2013-8.png","contentUrl":"https:\/\/peckadv.com.br\/wp-content\/uploads\/2025\/06\/Prancheta-\u2013-8.png","width":1920,"height":1080},{"@type":"BreadcrumbList","@id":"https:\/\/peckadv.com.br\/areas-de-atuacao\/#breadcrumb","itemListElement":[{"@type":"ListItem","position":1,"name":"In\u00edcio","item":"https:\/\/peckadv.com.br\/"},{"@type":"ListItem","position":2,"name":"\u00c1reas de Atua\u00e7\u00e3o"}]},{"@type":"WebSite","@id":"https:\/\/peckadv.com.br\/#website","url":"https:\/\/peckadv.com.br\/","name":"Peck Advogados","description":"","publisher":{"@id":"https:\/\/peckadv.com.br\/#organization"},"potentialAction":[{"@type":"SearchAction","target":{"@type":"EntryPoint","urlTemplate":"https:\/\/peckadv.com.br\/?s={search_term_string}"},"query-input":{"@type":"PropertyValueSpecification","valueRequired":true,"valueName":"search_term_string"}}],"inLanguage":"en-US"},{"@type":"Organization","@id":"https:\/\/peckadv.com.br\/#organization","name":"Peck Advogados","url":"https:\/\/peckadv.com.br\/","logo":{"@type":"ImageObject","inLanguage":"en-US","@id":"https:\/\/peckadv.com.br\/#\/schema\/logo\/image\/","url":"https:\/\/peckadv.com.br\/wp-content\/uploads\/2025\/06\/favIcon1.png","contentUrl":"https:\/\/peckadv.com.br\/wp-content\/uploads\/2025\/06\/favIcon1.png","width":512,"height":512,"caption":"Peck Advogados"},"image":{"@id":"https:\/\/peckadv.com.br\/#\/schema\/logo\/image\/"}}]}},"_links":{"self":[{"href":"https:\/\/peckadv.com.br\/en\/wp-json\/wp\/v2\/pages\/15","targetHints":{"allow":["GET"]}}],"collection":[{"href":"https:\/\/peckadv.com.br\/en\/wp-json\/wp\/v2\/pages"}],"about":[{"href":"https:\/\/peckadv.com.br\/en\/wp-json\/wp\/v2\/types\/page"}],"author":[{"embeddable":true,"href":"https:\/\/peckadv.com.br\/en\/wp-json\/wp\/v2\/users\/1"}],"replies":[{"embeddable":true,"href":"https:\/\/peckadv.com.br\/en\/wp-json\/wp\/v2\/comments?post=15"}],"version-history":[{"count":11,"href":"https:\/\/peckadv.com.br\/en\/wp-json\/wp\/v2\/pages\/15\/revisions"}],"predecessor-version":[{"id":1813,"href":"https:\/\/peckadv.com.br\/en\/wp-json\/wp\/v2\/pages\/15\/revisions\/1813"}],"wp:featuredmedia":[{"embeddable":true,"href":"https:\/\/peckadv.com.br\/en\/wp-json\/wp\/v2\/media\/363"}],"wp:attachment":[{"href":"https:\/\/peckadv.com.br\/en\/wp-json\/wp\/v2\/media?parent=15"}],"curies":[{"name":"wp","href":"https:\/\/api.w.org\/{rel}","templated":true}]}}